{"id":290,"date":"2019-11-26T12:23:14","date_gmt":"2019-11-26T12:23:14","guid":{"rendered":"https:\/\/demosites.io\/blogger-gb\/?page_id=7"},"modified":"2026-03-09T17:26:45","modified_gmt":"2026-03-09T16:26:45","slug":"582c1-blogger-gb-contact","status":"publish","type":"page","link":"https:\/\/coeurdelinh.com\/index.php\/582c1-blogger-gb-contact\/","title":{"rendered":"R\u00e9servations"},"content":{"rendered":"\n<div class=\"wp-block-columns is-layout-flex wp-container-core-columns-is-layout-9d6595d7 wp-block-columns-is-layout-flex\">\n<div class=\"wp-block-column is-layout-flow wp-block-column-is-layout-flow\">\n<figure class=\"wp-block-image size-full is-resized\"><img loading=\"lazy\" decoding=\"async\" width=\"2048\" height=\"2048\" src=\"https:\/\/coeurdelinh.com\/wp-content\/uploads\/2026\/02\/Illustration_sans_titre-19.png\" alt=\"\" class=\"wp-image-4345\" style=\"width:513px;height:auto\" srcset=\"https:\/\/coeurdelinh.com\/wp-content\/uploads\/2026\/02\/Illustration_sans_titre-19.png 2048w, https:\/\/coeurdelinh.com\/wp-content\/uploads\/2026\/02\/Illustration_sans_titre-19-1200x1200.png 1200w, https:\/\/coeurdelinh.com\/wp-content\/uploads\/2026\/02\/Illustration_sans_titre-19-1920x1920.png 1920w, https:\/\/coeurdelinh.com\/wp-content\/uploads\/2026\/02\/Illustration_sans_titre-19-150x150.png 150w, https:\/\/coeurdelinh.com\/wp-content\/uploads\/2026\/02\/Illustration_sans_titre-19-768x768.png 768w, https:\/\/coeurdelinh.com\/wp-content\/uploads\/2026\/02\/Illustration_sans_titre-19-1536x1536.png 1536w\" sizes=\"auto, (max-width: 2048px) 100vw, 2048px\" \/><\/figure>\n\n\n<h3 class=\"wp-block-heading has-text-align-left\" id=\"reserver-une-seance-danahatadao\">R\u00e9server une s\u00e9ance d&rsquo;An\u0101hata-dao<\/h3>\n\n\n<hr class=\"wp-block-separator has-text-color has-neve-button-color-color has-css-opacity has-neve-button-color-background-color has-background is-style-default\"\/>\n\n\n\n<p class=\"has-text-align-left\">Pratique en ligne 30 min : 5 \u20ac (tous les lundi et mardi)<br>Atelier en pr\u00e9sentiel 2h : 25 \u20ac (ponctuel)<br><br>Pratique collective.<\/p>\n\n\n\n<div class=\"wp-block-buttons is-layout-flex wp-block-buttons-is-layout-flex\">\n<div class=\"wp-block-button is-style-secondary\"><a class=\"wp-block-button__link wp-element-button\" href=\"https:\/\/coeurdelinh.com\/index.php\/reservations-anahata-dao\/\" style=\"border-radius:100px\">R\u00e9server<\/a><\/div>\n<\/div>\n<\/div>\n\n\n\n<div class=\"wp-block-column is-layout-flow wp-block-column-is-layout-flow\">\n<figure class=\"wp-block-image size-full is-resized\"><img loading=\"lazy\" decoding=\"async\" width=\"2048\" height=\"2048\" src=\"https:\/\/coeurdelinh.com\/wp-content\/uploads\/2026\/01\/Illustration_sans_titre-152.png\" alt=\"\" class=\"wp-image-3955\" style=\"object-fit:cover;width:514px;height:auto\" srcset=\"https:\/\/coeurdelinh.com\/wp-content\/uploads\/2026\/01\/Illustration_sans_titre-152.png 2048w, https:\/\/coeurdelinh.com\/wp-content\/uploads\/2026\/01\/Illustration_sans_titre-152-1200x1200.png 1200w, https:\/\/coeurdelinh.com\/wp-content\/uploads\/2026\/01\/Illustration_sans_titre-152-1920x1920.png 1920w, https:\/\/coeurdelinh.com\/wp-content\/uploads\/2026\/01\/Illustration_sans_titre-152-150x150.png 150w, https:\/\/coeurdelinh.com\/wp-content\/uploads\/2026\/01\/Illustration_sans_titre-152-768x768.png 768w, https:\/\/coeurdelinh.com\/wp-content\/uploads\/2026\/01\/Illustration_sans_titre-152-1536x1536.png 1536w\" sizes=\"auto, (max-width: 2048px) 100vw, 2048px\" \/><\/figure>\n\n\n<h3 class=\"wp-block-heading has-text-align-left\" id=\"reserver-une-seance-de-sophrologie\">R\u00e9server une s\u00e9ance de sophrologie<\/h3>\n\n\n<hr class=\"wp-block-separator has-text-color has-neve-button-color-color has-css-opacity has-neve-button-color-background-color has-background is-style-default\"\/>\n\n\n\n<p>Une s\u00e9ance dure 1h \u00e0 1h15.<br>Tarif : 65 \u20ac (tarif solidaire possible apr\u00e8s discussion)<br>Les s\u00e9ances se font au cabinet \u00e0 Torcy (77200) ou en visio.<br><br>Pratique individuelle.<\/p>\n\n\n\n<div class=\"wp-block-buttons is-layout-flex wp-block-buttons-is-layout-flex\">\n<div class=\"wp-block-button is-style-secondary\"><a class=\"wp-block-button__link wp-element-button\" href=\"https:\/\/coeurdelinh.com\/index.php\/reservations\/\" style=\"border-radius:100px\">R\u00e9server <\/a><\/div>\n<\/div>\n<\/div>\n<\/div>\n\n\n\n<div style=\"height:100px\" aria-hidden=\"true\" class=\"wp-block-spacer\"><\/div>\n\n\n\n<hr class=\"wp-block-separator has-alpha-channel-opacity is-style-dots\"\/>\n","protected":false},"excerpt":{"rendered":"<p>R\u00e9server une s\u00e9ance d&rsquo;An\u0101hata-dao Pratique en ligne 30 min : 5 \u20ac (tous les lundi et mardi)Atelier en pr\u00e9sentiel 2h : 25 \u20ac (ponctuel) Pratique collective. R\u00e9server une s\u00e9ance de sophrologie Une s\u00e9ance dure 1h \u00e0 1h15.Tarif : 65 \u20ac (tarif solidaire possible apr\u00e8s discussion)Les s\u00e9ances se font au cabinet \u00e0 Torcy (77200) ou en&hellip;&nbsp;<a href=\"https:\/\/coeurdelinh.com\/index.php\/582c1-blogger-gb-contact\/\" class=\"\" rel=\"bookmark\">Lire la suite &raquo;<span class=\"screen-reader-text\">R\u00e9servations<\/span><\/a><\/p>\n","protected":false},"author":1,"featured_media":0,"parent":0,"menu_order":0,"comment_status":"closed","ping_status":"closed","template":"","meta":{"neve_meta_sidebar":"full-width","neve_meta_container":"","neve_meta_enable_content_width":"on","neve_meta_content_width":100,"neve_meta_title_alignment":"","neve_meta_author_avatar":"","neve_post_elements_order":"","neve_meta_disable_header":"","neve_meta_disable_footer":"","neve_meta_disable_title":"on","_themeisle_gutenberg_block_has_review":false,"_ti_tpc_template_sync":false,"_ti_tpc_template_id":"lf9arxf5alp6r4jgmlh5","footnotes":""},"class_list":["post-290","page","type-page","status-publish","hentry"],"_links":{"self":[{"href":"https:\/\/coeurdelinh.com\/index.php\/wp-json\/wp\/v2\/pages\/290","targetHints":{"allow":["GET"]}}],"collection":[{"href":"https:\/\/coeurdelinh.com\/index.php\/wp-json\/wp\/v2\/pages"}],"about":[{"href":"https:\/\/coeurdelinh.com\/index.php\/wp-json\/wp\/v2\/types\/page"}],"author":[{"embeddable":true,"href":"https:\/\/coeurdelinh.com\/index.php\/wp-json\/wp\/v2\/users\/1"}],"replies":[{"embeddable":true,"href":"https:\/\/coeurdelinh.com\/index.php\/wp-json\/wp\/v2\/comments?post=290"}],"version-history":[{"count":41,"href":"https:\/\/coeurdelinh.com\/index.php\/wp-json\/wp\/v2\/pages\/290\/revisions"}],"predecessor-version":[{"id":4520,"href":"https:\/\/coeurdelinh.com\/index.php\/wp-json\/wp\/v2\/pages\/290\/revisions\/4520"}],"wp:attachment":[{"href":"https:\/\/coeurdelinh.com\/index.php\/wp-json\/wp\/v2\/media?parent=290"}],"curies":[{"name":"wp","href":"https:\/\/api.w.org\/{rel}","templated":true}]}}