{"id":3357,"date":"2024-08-21T16:12:08","date_gmt":"2024-08-21T14:12:08","guid":{"rendered":"https:\/\/enmodeveille.com\/?page_id=3357"},"modified":"2026-03-11T08:56:52","modified_gmt":"2026-03-11T07:56:52","slug":"faq","status":"publish","type":"page","link":"https:\/\/coeurdelinh.com\/index.php\/faq\/","title":{"rendered":"FAQ"},"content":{"rendered":"<h2 class=\"wp-block-heading\" id=\"quelques-reponses-a-certaines-de-vos-questions-sur-laccompagnement-en-sophrologie-faq\">Quelques r\u00e9ponses \u00e0 certaines de vos questions sur l&rsquo;accompagnement en sophrologie (FAQ)<\/h2>\n\n\n<div id=\"wp-block-themeisle-blocks-accordion-8cd25233\" class=\"wp-block-themeisle-blocks-accordion exclusive\">\n<details class=\"wp-block-themeisle-blocks-accordion-item\"><summary class=\"wp-block-themeisle-blocks-accordion-item__title\"><div>Combien de temps durent les s\u00e9ances et o\u00f9 se d\u00e9roulent elles ? <\/div><\/summary><div class=\"wp-block-themeisle-blocks-accordion-item__content\">\n<p>Les s\u00e9ances d&rsquo;accompagnement se d\u00e9roulent au cabinet \u00e0 Torcy. Pour certaines raisons, il est possible de les faire en visio-conf\u00e9rence, cependant je conseille toujours le pr\u00e9sentiel, surtout quand on ne conna\u00eet pas encore la m\u00e9thode.<br>La premi\u00e8re s\u00e9ance dure environ 1H30 \u00e0 2H et les s\u00e9ances de suivi entre 45 min et 1H15.<\/p>\n<\/div><\/details>\n\n\n\n<details class=\"wp-block-themeisle-blocks-accordion-item\"><summary class=\"wp-block-themeisle-blocks-accordion-item__title\"><div>Combien de temps faut-il compter pour un accompagnement ?<\/div><\/summary><div class=\"wp-block-themeisle-blocks-accordion-item__content\">\n<p>Il n\u2019y a pas de nombre de s\u00e9ances impos\u00e9.<br>Certaines personnes viennent ponctuellement, d\u2019autres sur un temps plus long.<br>Le rythme se construit ensemble, en fonction de vos besoins et de votre ressenti.<\/p>\n<\/div><\/details>\n\n\n\n<details class=\"wp-block-themeisle-blocks-accordion-item\"><summary class=\"wp-block-themeisle-blocks-accordion-item__title\"><div>Pourquoi est-il important de pratiquer r\u00e9guli\u00e8rement ?<\/div><\/summary><div class=\"wp-block-themeisle-blocks-accordion-item__content\">\n<p>La r\u00e9gularit\u00e9 ne sert pas \u00e0 \u201cfaire des progr\u00e8s\u201d plus vite.<br>Elle permet surtout de cr\u00e9er un rendez-vous avec soi, un espace familier dans lequel le corps apprend \u00e0 se d\u00e9poser.<br>Avec le temps, cet espace devient plus accessible, plus stable, et plus facilement mobilisable au quotidien.<\/p>\n<\/div><\/details>\n\n\n\n<details class=\"wp-block-themeisle-blocks-accordion-item\"><summary class=\"wp-block-themeisle-blocks-accordion-item__title\"><div>J&rsquo;ai peur que \u00e7a ne marche pas pour moi&#8230;<\/div><\/summary><div class=\"wp-block-themeisle-blocks-accordion-item__content\">\n<p>Je rappelle souvent aux personnes que j&rsquo;accompagne qu&rsquo;il est essentiel en sophrologie de se laisser apprendre sans rien attendre. J&rsquo;ai conscience que \u00e7a n\u00e9cessite un beau et gros l\u00e2cher prise mais justement c&rsquo;est aussi ce qu&rsquo;on explore durant les s\u00e9ances car c&rsquo;est en l\u00e2chant prise qu&rsquo;on s&rsquo;autorise, et qu&rsquo;on laisse plus d&rsquo;espace pour d&rsquo;autres possibilit\u00e9s. Ni vous ni moi sommes en capacit\u00e9 de savoir \u00e0 l&rsquo;avance si la sophrologie va \u00ab\u00a0marcher\u00a0\u00bb pour vous. Ce n&rsquo;est pas comme un doliprane qui va imm\u00e9diatement att\u00e9nuer votre mal de t\u00eate mais je crois qu&rsquo;il faut plut\u00f4t voir la sophrologie comme une piste d&rsquo;exploration sur laquelle vous allez d\u00e9velopper des capacit\u00e9s, des forces insoup\u00e7onn\u00e9es, des id\u00e9es&#8230;qui vont vous permettre de \u00ab\u00a0gu\u00e9rir\u00a0\u00bb d&rsquo;une fa\u00e7on un peu diff\u00e9rente \u00e0 laquelle vous pensiez de base. <br><br>Comme ma cons\u0153ur Anne Jamelot-Bonnaillie le dit si bien, c&rsquo;est comme quand nous allons faire les courses. Nous partons avec notre liste bien d\u00e9finie puis au fil des rayons, des promos, des nouveaut\u00e9s et autres, il nous arrive de repartir avec un petit peu plus que pr\u00e9vu au d\u00e9part. Pourtant, tout ce bonus, vous en aviez aussi besoin mais vous ne le saviez pas encore. C&rsquo;est un peu pareil avec la sophrologie, alors pourquoi pas essayer ?<br><\/p>\n<\/div><\/details>\n\n\n\n<details class=\"wp-block-themeisle-blocks-accordion-item\"><summary class=\"wp-block-themeisle-blocks-accordion-item__title\"><div>Est-ce que je dois venir avec un objectif pr\u00e9cis ?<\/div><\/summary><div class=\"wp-block-themeisle-blocks-accordion-item__content\">\n<p>Non.<br>Beaucoup de personnes arrivent avec une intention ou une difficult\u00e9, mais sans objectif clair.<br>L\u2019accompagnement propose avant tout un espace de recentrage.<br>Ce qui \u00e9merge ensuite est souvent plus juste que ce qui \u00e9tait imagin\u00e9 au d\u00e9part.<\/p>\n<\/div><\/details>\n\n\n\n<details class=\"wp-block-themeisle-blocks-accordion-item\"><summary class=\"wp-block-themeisle-blocks-accordion-item__title\"><div>Est-ce que \u00e7a peut m&rsquo;aider m\u00eame si mon probl\u00e8me est tr\u00e8s concret ? (stress, douleur, col\u00e8re, acouph\u00e8nes, troubles du sommeil, fatigue&#8230;)<\/div><\/summary><div class=\"wp-block-themeisle-blocks-accordion-item__content\">\n<p>Oui.<br>L\u2019accompagnement ne vise pas directement le sympt\u00f4me, mais la relation que vous entretenez avec ce que vous vivez.<br>En apaisant le syst\u00e8me nerveux et en cr\u00e9ant de l\u2019espace int\u00e9rieur, la perception et le v\u00e9cu peuvent \u00e9voluer naturellement.<\/p>\n<\/div><\/details>\n<\/div>\n\n\n\n<div style=\"height:100px\" aria-hidden=\"true\" class=\"wp-block-spacer\"><\/div>\n\n\n<h2 class=\"wp-block-heading\" id=\"quelques-reponses-a-certaines-de-vos-questions-sur-la-pratique-danahatadao-faq\">Quelques r\u00e9ponses \u00e0 certaines de vos questions sur la pratique d&rsquo;An\u0101hata-dao (FAQ)<\/h2>\n\n\n<div id=\"wp-block-themeisle-blocks-accordion-8a721be8\" class=\"wp-block-themeisle-blocks-accordion exclusive\">\n<details class=\"wp-block-themeisle-blocks-accordion-item\"><summary class=\"wp-block-themeisle-blocks-accordion-item__title\"><div>Est-ce que c&rsquo;est comme du yoga ?<\/div><\/summary><div class=\"wp-block-themeisle-blocks-accordion-item__content\">\n<p>L\u2019An\u0101hata-dao peut rappeler le yoga par la pr\u00e9sence du corps et du mouvement, mais l\u2019intention est diff\u00e9rente.<br>Ici, il n\u2019y a pas de postures \u00e0 reproduire ni de formes \u00e0 atteindre. Le mouvement est <strong>libre, guid\u00e9, organique<\/strong>, et s\u2019adapte \u00e0 ce qui est pr\u00e9sent dans le corps sur le moment. On ne cherche pas \u00e0 \u201cbien faire\u201d, mais \u00e0 <strong>sentir, habiter, laisser circuler<\/strong>.<\/p>\n<\/div><\/details>\n\n\n\n<details class=\"wp-block-themeisle-blocks-accordion-item\"><summary class=\"wp-block-themeisle-blocks-accordion-item__title\"><div>Est-ce que je dois \u00eatre souple ? (ma question pr\u00e9f\u00e9r\u00e9e)<\/div><\/summary><div class=\"wp-block-themeisle-blocks-accordion-item__content\">\n<p>Non. La souplesse n\u2019est ni un pr\u00e9-requis ni un objectif.<br>Chaque mouvement se fait <strong>dans le respect des limites du corps<\/strong>, telles qu\u2019elles sont aujourd\u2019hui.<br>L\u2019An\u0101hata-dao s\u2019adresse \u00e0 des corps r\u00e9els, pas \u00e0 des corps id\u00e9alis\u00e9s. La pratique est accessible aux personnes d\u00e9butantes comme \u00e0 celles qui ont d\u00e9j\u00e0 une pratique corporelle. Les propositions sont simples, progressives, et guid\u00e9es. Il n\u2019y a rien \u00e0 \u201csavoir faire\u201d avant de venir.<\/p>\n<\/div><\/details>\n\n\n\n<details class=\"wp-block-themeisle-blocks-accordion-item\"><summary class=\"wp-block-themeisle-blocks-accordion-item__title\"><div>Quel est le lien avec le tao ?<\/div><\/summary><div class=\"wp-block-themeisle-blocks-accordion-item__content\">\n<p>L\u2019An\u0101hata-dao s\u2019inspire de la pens\u00e9e tao\u00efste dans sa fa\u00e7on d\u2019aborder le corps et le vivant.<br>On y retrouve l\u2019id\u00e9e de <strong>suivre le mouvement naturel<\/strong>, d\u2019\u00e9couter les rythmes, d\u2019agir sans forcer.<br>Plut\u00f4t que de contr\u00f4ler ou de corriger, la pratique invite \u00e0 <strong>laisser faire<\/strong>, \u00e0 sentir ce qui cherche d\u00e9j\u00e0 \u00e0 circuler et \u00e0 s\u2019ajuster \u00e0 partir de l\u00e0.<br>Il ne s\u2019agit pas d\u2019un enseignement philosophique, mais d\u2019une <strong>exp\u00e9rience v\u00e9cue dans le corps<\/strong>.<\/p>\n<\/div><\/details>\n\n\n\n<details class=\"wp-block-themeisle-blocks-accordion-item\"><summary class=\"wp-block-themeisle-blocks-accordion-item__title\"><div>Qu&rsquo;est-ce que la somatique ?<\/div><\/summary><div class=\"wp-block-themeisle-blocks-accordion-item__content\">\n<p>Le terme \u201csomatique\u201d fait r\u00e9f\u00e9rence \u00e0 l\u2019exp\u00e9rience du corps <strong>telle qu\u2019elle est ressentie de l\u2019int\u00e9rieur<\/strong>.<br>Dans une approche somatique, on ne cherche pas \u00e0 observer le corps de l\u2019ext\u00e9rieur ni \u00e0 le performer, mais \u00e0 \u00e9couter les sensations, les micro-mouvements, les signaux subtils.<br>L\u2019An\u0101hata-dao s\u2019appuie sur cette \u00e9coute fine pour permettre au corps de s\u2019organiser, de se rel\u00e2cher et de retrouver de la coh\u00e9rence.<\/p>\n<\/div><\/details>\n\n\n\n<details class=\"wp-block-themeisle-blocks-accordion-item\"><summary class=\"wp-block-themeisle-blocks-accordion-item__title\"><div>Et si je me sens bloqu\u00e9.e ou maladroit.e dans le mouvement ?<\/div><\/summary><div class=\"wp-block-themeisle-blocks-accordion-item__content\">\n<p>C\u2019est tr\u00e8s fr\u00e9quent, et compl\u00e8tement bienvenu.<br>L\u2019An\u0101hata-dao ne demande pas d\u2019\u00eatre \u00e0 l\u2019aise tout de suite. Les sensations de blocage, de retenue ou d\u2019h\u00e9sitation font partie du chemin.<br>La pratique offre un cadre s\u00e9curisant pour <strong>explorer sans forcer<\/strong>, \u00e0 votre rythme.<\/p>\n<\/div><\/details>\n<\/div>\n\n\n\n<p>Si toutefois vous ne trouvez pas r\u00e9ponse \u00e0 une question en particulier, n&rsquo;h\u00e9sitez pas \u00e0 me contacter par email (<a href=\"mailto:linhtruong.sophro@gmail.com\"><strong>linhtruong.sophro@gmail.com<\/strong><\/a>) ou par t\u00e9l\u00e9phone (<strong>06 28 57 92 81<\/strong>) !<br><br><\/p>\n","protected":false},"excerpt":{"rendered":"<p>Quelques r\u00e9ponses \u00e0 certaines de vos questions sur l&rsquo;accompagnement en sophrologie (FAQ) Quelques r\u00e9ponses \u00e0 certaines de vos questions sur la pratique d&rsquo;An\u0101hata-dao (FAQ) Si toutefois vous ne trouvez pas r\u00e9ponse \u00e0 une question en particulier, n&rsquo;h\u00e9sitez pas \u00e0 me contacter par email (linhtruong.sophro@gmail.com) ou par t\u00e9l\u00e9phone (06 28 57 92 81) !<\/p>\n","protected":false},"author":1,"featured_media":0,"parent":0,"menu_order":0,"comment_status":"closed","ping_status":"closed","template":"","meta":{"neve_meta_sidebar":"","neve_meta_container":"","neve_meta_enable_content_width":"","neve_meta_content_width":0,"neve_meta_title_alignment":"","neve_meta_author_avatar":"","neve_post_elements_order":"","neve_meta_disable_header":"","neve_meta_disable_footer":"","neve_meta_disable_title":"","_themeisle_gutenberg_block_has_review":false,"_ti_tpc_template_sync":false,"_ti_tpc_template_id":"","footnotes":""},"class_list":["post-3357","page","type-page","status-publish","hentry"],"_links":{"self":[{"href":"https:\/\/coeurdelinh.com\/index.php\/wp-json\/wp\/v2\/pages\/3357","targetHints":{"allow":["GET"]}}],"collection":[{"href":"https:\/\/coeurdelinh.com\/index.php\/wp-json\/wp\/v2\/pages"}],"about":[{"href":"https:\/\/coeurdelinh.com\/index.php\/wp-json\/wp\/v2\/types\/page"}],"author":[{"embeddable":true,"href":"https:\/\/coeurdelinh.com\/index.php\/wp-json\/wp\/v2\/users\/1"}],"replies":[{"embeddable":true,"href":"https:\/\/coeurdelinh.com\/index.php\/wp-json\/wp\/v2\/comments?post=3357"}],"version-history":[{"count":6,"href":"https:\/\/coeurdelinh.com\/index.php\/wp-json\/wp\/v2\/pages\/3357\/revisions"}],"predecessor-version":[{"id":4421,"href":"https:\/\/coeurdelinh.com\/index.php\/wp-json\/wp\/v2\/pages\/3357\/revisions\/4421"}],"wp:attachment":[{"href":"https:\/\/coeurdelinh.com\/index.php\/wp-json\/wp\/v2\/media?parent=3357"}],"curies":[{"name":"wp","href":"https:\/\/api.w.org\/{rel}","templated":true}]}}